{"id":8426,"date":"2025-01-16T14:09:45","date_gmt":"2025-01-16T14:09:45","guid":{"rendered":"https:\/\/www.whiterattattoo.pl\/?page_id=8426"},"modified":"2026-02-17T18:33:12","modified_gmt":"2026-02-17T18:33:12","slug":"kontakt","status":"publish","type":"page","link":"https:\/\/www.whiterattattoo.pl\/en\/studio-tatuazu-white-rat-tattoo\/kontakt\/","title":{"rendered":"CONTACT"},"content":{"rendered":"<div class=\"wpb-content-wrapper\"><section id=\"ut-section-69e1054aeaca0\" data-vc-full-width=\"true\" data-vc-full-width-init=\"false\" data-cursor-skin=\"global\" class=\"vc_section ut-vc-160 vc_section-has-no-fill ut-section-69e1054aeacae\"><div id=\"ut-row-69e1054aeb9c9\" data-vc-full-width=\"true\" data-vc-full-width-init=\"false\" class=\"vc_row wpb_row vc_row-fluid vc_column-gap-0 ut-row-69e1054aeb9d4\" ><div class=\"wpb_column vc_column_container vc_col-sm-12 ut-element-revealer-parent\" ><div id=\"ut_inner_column_69e1054aec5f4\" class=\"vc_column-inner \" ><div class=\"wpb_wrapper\">\r\n\t<div class=\"wpb_text_column wpb_content_element\" >\r\n\t\t<div class=\"wpb_wrapper\">\r\n\t\t\t<h3 style=\"text-align: center;\" data-start=\"44\" data-end=\"103\">Um\u00f3w si\u0119 na Tatua\u017c w Warszawie \u2014 Formularz Kontaktowy<\/h3>\n<p style=\"text-align: center;\" data-start=\"105\" data-end=\"305\">Szukasz do\u015bwiadczonego tatuatora? Chcesz zrobi\u0107 sobie wyj\u0105tkowy tatua\u017c w Warszawie? \u015awietnie trafi\u0142e\u015b! W naszym studiu tatua\u017cu tworzymy unikalne projekty dostosowane do Twoich oczekiwa\u0144.<\/p>\n<p style=\"text-align: center;\" data-start=\"307\" data-end=\"441\">Aby um\u00f3wi\u0107 si\u0119 na tatua\u017c, wype\u0142nij nasz formularz kontaktowy lub skontaktuj si\u0119 z nami przez Facebook czy Instagram.<\/p>\n<h3 style=\"text-align: center;\" data-start=\"443\" data-end=\"500\">Jakie informacje pomog\u0105 nam zaplanowa\u0107 Tw\u00f3j tatua\u017c?<\/h3>\n<p style=\"text-align: center;\">Co chcesz sobie wytatuowa\u0107? Opisz pomys\u0142 na tatua\u017c lub prze\u015blij inspiracje.<\/p>\n<p style=\"text-align: center;\">Gdzie na ciele ma znale\u017a\u0107 si\u0119 tatua\u017c?<\/p>\n<p style=\"text-align: center;\">Jaki rozmiar tatua\u017cu preferujesz? Podaj w centymetrach.<\/p>\n<p style=\"text-align: center;\">Tatua\u017c kolorowy czy czarno-bia\u0142y?<\/p>\n<p style=\"text-align: center;\" data-start=\"743\" data-end=\"892\">Nie czekaj! Wype\u0142nij formularz kontaktowy i zarezerwuj swoj\u0105 sesj\u0119 tatua\u017cu ju\u017c dzi\u015b. Do zobaczenia w naszym studiu tatua\u017cu w Warszawie!<\/p>\n\r\n\t\t<\/div>\r\n\t<\/div>\r\n\r\n<div id=\"vc-sep-69e1054aeccbb\" class=\"vc_separator wpb_content_element vc_separator_align_center vc_sep_width_100 vc_sep_pos_align_center vc_separator_no_text vc_sep_color_black  wpb_content_element\" ><span class=\"vc_sep_holder vc_sep_holder_l\"><span  class=\"vc_sep_line\"><\/span><\/span><span class=\"vc_sep_holder vc_sep_holder_r\"><span  class=\"vc_sep_line\"><\/span><\/span>\r\n<\/div><div class=\"wpb_content_element \"><style class=\"bklyn-inline-styles\" type=\"text\/css\">#ut_sf_69e1054aecd16 li a i { color: #B50003; }#ut_sf_69e1054aecd16 li a:hover i { color: #000000; }#ut_sf_69e1054aecd16 li a:focus i { color: #000000; }<\/style><ul id=\"ut_sf_69e1054aecd16\" class=\"ut-social-follow-module  ut-social-follow-module-center ut-social-follow-module-tablet-center ut-social-follow-module-mobile-center ut-social-follow-module-20\" data-settings=\"{&quot;animate&quot;:false,&quot;effect&quot;:&quot;&quot;,&quot;delay_animation&quot;:false,&quot;global_delay_animation&quot;:false,&quot;delay_timer&quot;:100,&quot;global_delay_timer&quot;:100}\"><li  class=\"ut-social-follow-0 ut-social-follow-icon-only \"><a class=\"ut-social-follow-link\" title=\"\" href=\"https:\/\/www.instagram.com\/whiterattattoo\/\" area-label=\"instagram\" target=\"_self\" rel=\"noopener\"><i class=\"fa-brands fa-instagram\"><\/i><\/a><\/li><li  class=\"ut-social-follow-1 ut-social-follow-icon-only \"><a class=\"ut-social-follow-link\" title=\"\" href=\"https:\/\/www.facebook.com\/whiterattattoo\/\" area-label=\"facebook\" target=\"_self\" rel=\"noopener\"><i class=\"fa-brands fa-facebook\"><\/i><\/a><\/li><\/ul><\/div>\r\n\t<div class=\"wpb_text_column wpb_content_element\" >\r\n\t\t<div class=\"wpb_wrapper\">\r\n\t\t\t<p style=\"text-align: center;\"><strong>E-mail: <span style=\"color: #800000;\"><a style=\"color: #800000;\" href=\"mailto:kontakt@whiterattattoo.pl\">kontakt@whiterattattoo.pl<\/a><\/span><\/strong><\/p>\n<p style=\"text-align: center;\"><strong>Lwowska 11\/4, 00-660 Warszawa<\/strong><\/p>\n\r\n\t\t<\/div>\r\n\t<\/div>\r\n\r\n<div id=\"vc-sep-69e1054aed2df\" class=\"vc_separator wpb_content_element vc_separator_align_center vc_sep_width_100 vc_sep_pos_align_center vc_separator_no_text vc_sep_color_black  wpb_content_element\" ><span class=\"vc_sep_holder vc_sep_holder_l\"><span  class=\"vc_sep_line\"><\/span><\/span><span class=\"vc_sep_holder vc_sep_holder_r\"><span  class=\"vc_sep_line\"><\/span><\/span>\r\n<\/div><\/div><\/div><div id=\"ut_rfx_69e1054aec5ff\" class=\"ut-element-revealer ut-reveal-in-ltor ut-reveal-in-front ut-element-revealer-default ut-element-revealer-quantic ut-reveal-in-before ut-reveal-in-after\" data-appear-top-offset=\"none\" data-ut-wait=\"\"><div class=\"ut-element-revealer-inner\"><\/div><\/div><\/div><style type=\"text\/css\">#ut-row-69e1054aeb9c9{padding-bottom: 0px !important;} <\/style><\/div><div class=\"vc_row-full-width vc_clearfix\"><\/div><a data-id=\"section-without-id\" class=\"ut-vc-offset-anchor-bottom\" name=\"section-without-id\"><\/a><style type=\"text\/css\">#ut-section-69e1054aeaca0{padding-top: 20px !important;padding-bottom: 0px !important;} <\/style><\/section><div class=\"vc_row-full-width vc_clearfix\"><\/div><section id=\"ut-section-69e1054aee3d0\" data-vc-full-width=\"true\" data-vc-full-width-init=\"false\" data-cursor-skin=\"global\" class=\"vc_section ut-vc-160 vc_section-has-no-fill ut-section-69e1054aee3d7 ut-element-revealer-parent\"><div id=\"ut-row-69e1054aef0e2\" data-vc-full-width=\"true\" data-vc-full-width-init=\"false\" class=\"vc_row wpb_row vc_row-fluid vc_column-gap-0 ut-row-69e1054aef0ed\" ><div class=\"wpb_column vc_column_container vc_col-sm-4\" ><div id=\"ut_inner_column_69e1054aef797\" class=\"vc_column-inner \" ><div class=\"wpb_wrapper\"><div class=\"wpb_content_element \"><style type=\"text\/css\">#ut_tm_69e1054af09c4 .bklyn-team-member-ocupation { font-weight: normal; }#ut_tm_69e1054af09c4 .bklyn-team-member-social-icons a:hover { color: rgba(181, 0, 3, 1); }#ut_tm_69e1054af09c4 .bklyn-team-member-social-icons a:focus { color: rgba(181, 0, 3, 1); }#ut_tm_69e1054af09c4 .bklyn-team-member-social-icons a:active { color: rgba(181, 0, 3, 1); }<\/style><div id=\"ut_tm_69e1054af09c4\" class=\"bklyn-team-member bklyn-team-member-style-2 bklyn-team-member-style-2-140 bklyn-team-member-center\"><a title=\"Agata Kacperczyk\" href=\"https:\/\/www.whiterattattoo.pl\/studio-tatuazu-white-rat-tattoo\/agata\/\" target=\"_self\"><div class=\"bklyn-team-member-avatar bklyn-team-member-avatar-with-swap\"><div class=\"bklyn-team-member-primary-image\"><img decoding=\"async\" alt=\"Tattoo artist from tattoo studio in Warsaw Poland White Rat Tattoo Agata Kacperczyk profile 1\" class=\"ut-lozad\" src=\"data:image\/svg+xml;charset=utf-8,%3Csvg xmlns%3D'http%3A%2F%2Fwww.w3.org%2F2000%2Fsvg' viewBox%3D'0 0 280 280'%2F%3E\" data-src=\"https:\/\/www.whiterattattoo.pl\/wp-content\/uploads\/2025\/04\/DSC03246-kopia-1-280x280.jpg\"><\/div><div class=\"bklyn-team-member-secondary-image\"><img decoding=\"async\" alt=\"Tattoo artist from tattoo studio in Warsaw Poland White Rat Tattoo Agata Kacperczyk profile 1\" class=\"ut-lozad\" src=\"data:image\/svg+xml;charset=utf-8,%3Csvg xmlns%3D'http%3A%2F%2Fwww.w3.org%2F2000%2Fsvg' viewBox%3D'0 0 280 280'%2F%3E\" data-src=\"https:\/\/www.whiterattattoo.pl\/wp-content\/uploads\/2025\/04\/DSC03408-kopia-280x280.jpg\"><\/div><\/div><\/a><\/div><\/div><div class=\"wpb_content_element \"><style type=\"text\/css\">#ut_tm_69e1054af1e3b .bklyn-team-member-ocupation { font-weight: normal; }#ut_tm_69e1054af1e3b .bklyn-team-member-social-icons a:hover { color: rgba(181, 0, 3, 1); }#ut_tm_69e1054af1e3b .bklyn-team-member-social-icons a:focus { color: rgba(181, 0, 3, 1); }#ut_tm_69e1054af1e3b .bklyn-team-member-social-icons a:active { color: rgba(181, 0, 3, 1); }<\/style><div id=\"ut_tm_69e1054af1e3b\" class=\"bklyn-team-member bklyn-team-member-style-2 bklyn-team-member-style-2-140 bklyn-team-member-center\"><a title=\"Czarek\" href=\"https:\/\/www.whiterattattoo.pl\/studio-tatuazu-white-rat-tattoo\/czarek\/\" target=\"_self\"><div class=\"bklyn-team-member-avatar bklyn-team-member-avatar-with-swap\"><div class=\"bklyn-team-member-primary-image\"><img decoding=\"async\" alt=\"Tattoo artist from tattoo studio in Warsaw Poland White Rat Tattoo Czarek Speruda profile 1\" class=\"ut-lozad\" src=\"data:image\/svg+xml;charset=utf-8,%3Csvg xmlns%3D'http%3A%2F%2Fwww.w3.org%2F2000%2Fsvg' viewBox%3D'0 0 280 280'%2F%3E\" data-src=\"https:\/\/www.whiterattattoo.pl\/wp-content\/uploads\/2025\/04\/DSC03155-kopia-1-280x280.jpg\"><\/div><div class=\"bklyn-team-member-secondary-image\"><img decoding=\"async\" alt=\"Tattoo artist from tattoo studio in Warsaw Poland White Rat Tattoo Czarek Speruda profile 1\" class=\"ut-lozad\" src=\"data:image\/svg+xml;charset=utf-8,%3Csvg xmlns%3D'http%3A%2F%2Fwww.w3.org%2F2000%2Fsvg' viewBox%3D'0 0 280 280'%2F%3E\" data-src=\"https:\/\/www.whiterattattoo.pl\/wp-content\/uploads\/2025\/04\/DSC03370-kopia-280x280.jpg\"><\/div><\/div><\/a><\/div><\/div><\/div><\/div><\/div><div class=\"wpb_column vc_column_container vc_col-sm-4\" ><div id=\"ut_inner_column_69e1054af2268\" class=\"vc_column-inner \" ><div class=\"wpb_wrapper\"><div class=\"wpb_content_element \"><style type=\"text\/css\">#ut_tm_69e1054af3730 .bklyn-team-member-ocupation { font-weight: normal; }#ut_tm_69e1054af3730 .bklyn-team-member-social-icons a:hover { color: rgba(181, 0, 3, 1); }#ut_tm_69e1054af3730 .bklyn-team-member-social-icons a:focus { color: rgba(181, 0, 3, 1); }#ut_tm_69e1054af3730 .bklyn-team-member-social-icons a:active { color: rgba(181, 0, 3, 1); }<\/style><div id=\"ut_tm_69e1054af3730\" class=\"bklyn-team-member bklyn-team-member-style-2 bklyn-team-member-style-2-140 bklyn-team-member-center\"><a title=\"Marta\" href=\"https:\/\/www.whiterattattoo.pl\/studio-tatuazu-white-rat-tattoo\/marta\/\" target=\"_self\"><div class=\"bklyn-team-member-avatar bklyn-team-member-avatar-with-swap\"><div class=\"bklyn-team-member-primary-image\"><img decoding=\"async\" alt=\"Tattoo artist from tattoo studio in Warsaw Poland White Rat Tattoo Marta Bobko profile 1\" class=\"ut-lozad\" src=\"data:image\/svg+xml;charset=utf-8,%3Csvg xmlns%3D'http%3A%2F%2Fwww.w3.org%2F2000%2Fsvg' viewBox%3D'0 0 280 280'%2F%3E\" data-src=\"https:\/\/www.whiterattattoo.pl\/wp-content\/uploads\/2025\/04\/DSC03306-kopia-1-280x280.jpg\"><\/div><div class=\"bklyn-team-member-secondary-image\"><img decoding=\"async\" alt=\"Tattoo artist from tattoo studio in Warsaw Poland White Rat Tattoo Marta Bobko profile 1\" class=\"ut-lozad\" src=\"data:image\/svg+xml;charset=utf-8,%3Csvg xmlns%3D'http%3A%2F%2Fwww.w3.org%2F2000%2Fsvg' viewBox%3D'0 0 280 280'%2F%3E\" data-src=\"https:\/\/www.whiterattattoo.pl\/wp-content\/uploads\/2025\/04\/DSC03463-kopia-280x280.jpg\"><\/div><\/div><\/a><\/div><\/div><div class=\"wpb_content_element \"><style type=\"text\/css\">#ut_tm_69e1054b0088b .bklyn-team-member-ocupation { font-weight: normal; }#ut_tm_69e1054b0088b .bklyn-team-member-social-icons a:hover { color: rgba(181, 0, 3, 1); }#ut_tm_69e1054b0088b .bklyn-team-member-social-icons a:focus { color: rgba(181, 0, 3, 1); }#ut_tm_69e1054b0088b .bklyn-team-member-social-icons a:active { color: rgba(181, 0, 3, 1); }<\/style><div id=\"ut_tm_69e1054b0088b\" class=\"bklyn-team-member bklyn-team-member-style-2 bklyn-team-member-style-2-140 bklyn-team-member-center\"><a title=\"Ada\" href=\"https:\/\/www.whiterattattoo.pl\/studio-tatuazu-white-rat-tattoo\/ada\/\" target=\"_self\"><div class=\"bklyn-team-member-avatar bklyn-team-member-avatar-with-swap\"><div class=\"bklyn-team-member-primary-image\"><img decoding=\"async\" alt=\"Tattoo artist from tattoo studio in Warsaw Poland White Rat Tattoo Ada Chy\u0107ko profile 1\" class=\"ut-lozad\" src=\"data:image\/svg+xml;charset=utf-8,%3Csvg xmlns%3D'http%3A%2F%2Fwww.w3.org%2F2000%2Fsvg' viewBox%3D'0 0 280 280'%2F%3E\" data-src=\"https:\/\/www.whiterattattoo.pl\/wp-content\/uploads\/2025\/04\/DSC03022-kopia-1-280x280.jpg\"><\/div><div class=\"bklyn-team-member-secondary-image\"><img decoding=\"async\" alt=\"Tattoo artist from tattoo studio in Warsaw Poland White Rat Tattoo Ada Chy\u0107ko profile 1\" class=\"ut-lozad\" src=\"data:image\/svg+xml;charset=utf-8,%3Csvg xmlns%3D'http%3A%2F%2Fwww.w3.org%2F2000%2Fsvg' viewBox%3D'0 0 280 280'%2F%3E\" data-src=\"https:\/\/www.whiterattattoo.pl\/wp-content\/uploads\/2025\/04\/DSC03349-kopia-280x280.jpg\"><\/div><\/div><\/a><\/div><\/div><\/div><\/div><\/div><div class=\"wpb_column vc_column_container vc_col-sm-4\" ><div id=\"ut_inner_column_69e1054b00cbe\" class=\"vc_column-inner \" ><div class=\"wpb_wrapper\"><div class=\"wpb_content_element \"><style type=\"text\/css\">#ut_tm_69e1054b0207e .bklyn-team-member-ocupation { font-weight: normal; }#ut_tm_69e1054b0207e .bklyn-team-member-social-icons a:hover { color: rgba(181, 0, 3, 1); }#ut_tm_69e1054b0207e .bklyn-team-member-social-icons a:focus { color: rgba(181, 0, 3, 1); }#ut_tm_69e1054b0207e .bklyn-team-member-social-icons a:active { color: rgba(181, 0, 3, 1); }<\/style><div id=\"ut_tm_69e1054b0207e\" class=\"bklyn-team-member bklyn-team-member-style-2 bklyn-team-member-style-2-140 bklyn-team-member-center\"><a title=\"Aleksandra\" href=\"https:\/\/www.whiterattattoo.pl\/studio-tatuazu-white-rat-tattoo\/aleksandra\/\" target=\"_self\"><div class=\"bklyn-team-member-avatar bklyn-team-member-avatar-with-swap\"><div class=\"bklyn-team-member-primary-image\"><img decoding=\"async\" alt=\"Aleksandra \u2013 tatua\u017c neotribal i etniczny | White Rat Tattoo Warszawa\" class=\"ut-lozad\" src=\"data:image\/svg+xml;charset=utf-8,%3Csvg xmlns%3D'http%3A%2F%2Fwww.w3.org%2F2000%2Fsvg' viewBox%3D'0 0 280 280'%2F%3E\" data-src=\"https:\/\/www.whiterattattoo.pl\/wp-content\/uploads\/2026\/02\/D4C1ACFD-C661-48DE-9CAA-11154653B87D-2-280x280.jpg\"><\/div><div class=\"bklyn-team-member-secondary-image\"><img decoding=\"async\" alt=\"Aleksandra \u2013 tatua\u017c neotribal i etniczny | White Rat Tattoo Warszawa\" class=\"ut-lozad\" src=\"data:image\/svg+xml;charset=utf-8,%3Csvg xmlns%3D'http%3A%2F%2Fwww.w3.org%2F2000%2Fsvg' viewBox%3D'0 0 280 280'%2F%3E\" data-src=\"https:\/\/www.whiterattattoo.pl\/wp-content\/uploads\/2026\/02\/IMG_0804-3-280x280.jpg\"><\/div><\/div><\/a><\/div><\/div><div class=\"wpb_content_element \"><style type=\"text\/css\">#ut_tm_69e1054b03966 .bklyn-team-member-ocupation { font-weight: normal; }#ut_tm_69e1054b03966 .bklyn-team-member-social-icons a:hover { color: rgba(181, 0, 3, 1); }#ut_tm_69e1054b03966 .bklyn-team-member-social-icons a:focus { color: rgba(181, 0, 3, 1); }#ut_tm_69e1054b03966 .bklyn-team-member-social-icons a:active { color: rgba(181, 0, 3, 1); }<\/style><div id=\"ut_tm_69e1054b03966\" class=\"bklyn-team-member bklyn-team-member-style-2 bklyn-team-member-style-2-140 bklyn-team-member-center\"><a title=\"Lukasz\" href=\"https:\/\/www.whiterattattoo.pl\/studio-tatuazu-white-rat-tattoo\/lukasz\/\" target=\"_self\"><div class=\"bklyn-team-member-avatar bklyn-team-member-avatar-with-swap\"><div class=\"bklyn-team-member-primary-image\"><img decoding=\"async\" alt=\"\u0141ukasz \u2013 artysta tatua\u017cu realistycznego w White Rat Tattoo Warszawa profilowe\" class=\"ut-lozad\" src=\"data:image\/svg+xml;charset=utf-8,%3Csvg xmlns%3D'http%3A%2F%2Fwww.w3.org%2F2000%2Fsvg' viewBox%3D'0 0 280 280'%2F%3E\" data-src=\"https:\/\/www.whiterattattoo.pl\/wp-content\/uploads\/2025\/08\/F746B0F4-7F05-4B30-98D8-3CAC38D7A101-280x280.jpg\"><\/div><div class=\"bklyn-team-member-secondary-image\"><img decoding=\"async\" alt=\"\u0141ukasz \u2013 artysta tatua\u017cu realistycznego w White Rat Tattoo Warszawa profilowe\" class=\"ut-lozad\" src=\"data:image\/svg+xml;charset=utf-8,%3Csvg xmlns%3D'http%3A%2F%2Fwww.w3.org%2F2000%2Fsvg' viewBox%3D'0 0 280 280'%2F%3E\" data-src=\"https:\/\/www.whiterattattoo.pl\/wp-content\/uploads\/2026\/02\/IMG_7059-280x280.jpg\"><\/div><\/div><\/a><\/div><\/div><\/div><\/div><\/div><\/div><div class=\"vc_row-full-width vc_clearfix\"><\/div><div id=\"ut-row-69e1054b042be\" data-vc-full-width=\"true\" data-vc-full-width-init=\"false\" class=\"vc_row wpb_row vc_row-fluid vc_column-gap-0 ut-row-69e1054b042cf\" ><div class=\"wpb_column vc_column_container vc_col-sm-12\" ><div id=\"ut_inner_column_69e1054b04999\" class=\"vc_column-inner \" ><div class=\"wpb_wrapper\">\r\n\t<div class=\"wpb_text_column wpb_content_element\" >\r\n\t\t<div class=\"wpb_wrapper\">\r\n\t\t\t<h1 style=\"text-align: center;\"><strong>FORMULARZ KONTAKTOWY<\/strong><\/h1>\n\r\n\t\t<\/div>\r\n\t<\/div>\r\n<\/div><\/div><\/div><div class=\"wpb_column vc_column_container vc_col-sm-2\" ><div id=\"ut_inner_column_69e1054b04f81\" class=\"vc_column-inner \" ><div class=\"wpb_wrapper\"><\/div><\/div><\/div><div class=\"wpb_column vc_column_container vc_col-sm-8\" ><div id=\"ut_inner_column_69e1054b0531f\" class=\"vc_column-inner \" ><div class=\"wpb_wrapper\"><style type=\"text\/css\">#ut_cf7_colors_69e1054b05399 .wpcf7-form input[type=\"submit\"] { color:#FFFFFF !important; }#ut_cf7_colors_69e1054b05399 .wpcf7-form input[type=\"submit\"]:hover { color:#FFFFFF !important; }#ut_cf7_colors_69e1054b05399 .wpcf7-form input[type=\"submit\"] { background:#000000 !important; }#ut_cf7_colors_69e1054b05399 .wpcf7-form input[type=\"submit\"]:hover { background:#B50003 !important; }<\/style><div id=\"ut_cf7_colors_69e1054b05399\" class=\"wpb_content_element ut-cf7-dark-skin \">\n<div class=\"wpcf7 no-js\" id=\"wpcf7-f8419-o1\" lang=\"pl-PL\" dir=\"ltr\" data-wpcf7-id=\"8419\">\n<div class=\"screen-reader-response\"><p role=\"status\" aria-live=\"polite\" aria-atomic=\"true\"><\/p> <ul><\/ul><\/div>\n<form action=\"\/en\/wp-json\/wp\/v2\/pages\/8426#wpcf7-f8419-o1\" method=\"post\" class=\"wpcf7-form init\" aria-label=\"Formularz kontaktowy\" enctype=\"multipart\/form-data\" novalidate=\"novalidate\" data-status=\"init\">\n<fieldset class=\"hidden-fields-container\"><input type=\"hidden\" name=\"_wpcf7\" value=\"8419\" \/><input type=\"hidden\" name=\"_wpcf7_version\" value=\"6.1.5\" \/><input type=\"hidden\" name=\"_wpcf7_locale\" value=\"pl_PL\" \/><input type=\"hidden\" name=\"_wpcf7_unit_tag\" value=\"wpcf7-f8419-o1\" \/><input type=\"hidden\" name=\"_wpcf7_container_post\" value=\"0\" \/><input type=\"hidden\" name=\"_wpcf7_posted_data_hash\" value=\"\" \/><input type=\"hidden\" name=\"_wpcf7_recaptcha_response\" value=\"\" \/>\n<\/fieldset>\n<label> Twoje imi\u0119 i nazwisko\n    <span class=\"wpcf7-form-control-wrap\" data-name=\"your-name\"><input size=\"40\" maxlength=\"400\" class=\"wpcf7-form-control wpcf7-text wpcf7-validates-as-required\" autocomplete=\"name\" aria-required=\"true\" aria-invalid=\"false\" value=\"\" type=\"text\" name=\"your-name\" \/><\/span> <\/label>\n\n<label> Tw\u00f3j adres e-mail (obowi\u0105zkowe)\n    <span class=\"wpcf7-form-control-wrap\" data-name=\"your-email\"><input size=\"40\" maxlength=\"400\" class=\"wpcf7-form-control wpcf7-email wpcf7-validates-as-required wpcf7-text wpcf7-validates-as-email\" aria-required=\"true\" aria-invalid=\"false\" value=\"\" type=\"email\" name=\"your-email\" \/><\/span> <\/label>\n\n<label> Temat\n    <span class=\"wpcf7-form-control-wrap\" data-name=\"your-subject\"><input size=\"40\" maxlength=\"400\" class=\"wpcf7-form-control wpcf7-text wpcf7-validates-as-required\" aria-required=\"true\" aria-invalid=\"false\" value=\"\" type=\"text\" name=\"your-subject\" \/><\/span> <\/label>\n\n<label> Twoja wiadomo\u015bci (obowi\u0105zkowe)\n   <span class=\"wpcf7-form-control-wrap\" data-name=\"your-message\"><input size=\"40\" maxlength=\"400\" class=\"wpcf7-form-control wpcf7-text wpcf7-validates-as-required\" aria-required=\"true\" aria-invalid=\"false\" value=\"\" type=\"text\" name=\"your-message\" \/><\/span> <\/label>\n\n<span class=\"wpcf7-form-control-wrap\" data-name=\"file-336\"><input size=\"40\" class=\"wpcf7-form-control wpcf7-file\" accept=\"audio\/*,video\/*,image\/*\" aria-invalid=\"false\" type=\"file\" name=\"file-336\" \/><\/span>\n\n<input class=\"wpcf7-form-control wpcf7-submit has-spinner\" type=\"submit\" value=\"Wy\u015blij\" \/><div class=\"wpcf7-response-output\" aria-hidden=\"true\"><\/div>\n<\/form>\n<\/div>\n<\/div><\/div><\/div><\/div><div class=\"wpb_column vc_column_container vc_col-sm-2\" ><div id=\"ut_inner_column_69e1054b088a6\" class=\"vc_column-inner \" ><div class=\"wpb_wrapper\"><\/div><\/div><\/div><\/div><div class=\"vc_row-full-width vc_clearfix\"><\/div><div id=\"ut-row-69e1054b092ec\" data-vc-full-width=\"true\" data-vc-full-width-init=\"false\" class=\"vc_row wpb_row vc_row-fluid vc_column-gap-0 ut-row-69e1054b092f8\" ><div class=\"wpb_column vc_column_container vc_col-sm-12\" ><div id=\"ut_inner_column_69e1054b09a23\" class=\"vc_column-inner \" ><div class=\"wpb_wrapper\"><div class=\"wpb_gmaps_widget wpb_content_element\"><div class=\"wpb_wrapper\"><div class=\"wpb_map_wraper\"><iframe src=\"https:\/\/www.google.com\/maps\/embed?pb=!1m18!1m12!1m3!1d2444.1974311775903!2d21.00960927657948!3d52.22163077198453!2m3!1f0!2f0!3f0!3m2!1i1024!2i768!4f13.1!3m3!1m2!1s0x471eccf436c22337%3A0xbdcba1ccd57370f2!2sWhite%20Rat%20Tattoo!5e0!3m2!1spl!2spl!4v1737037756213!5m2!1spl!2spl\" width=\"600\" height=\"450\" style=\"border:0;\" allowfullscreen=\"\" loading=\"lazy\" referrerpolicy=\"no-referrer-when-downgrade\"><\/iframe><\/div><\/div><\/div><\/div><\/div><\/div><\/div><div class=\"vc_row-full-width vc_clearfix\"><\/div><a data-id=\"section-without-id\" class=\"ut-vc-offset-anchor-bottom\" name=\"section-without-id\"><\/a><style type=\"text\/css\">#ut-section-69e1054aee3d0{padding-top: 0px !important;} <\/style><div id=\"ut_rfx_69e1054aee78d\" class=\"ut-element-revealer ut-reveal-in-btot ut-reveal-in-front ut-element-revealer-default ut-element-revealer-quantic ut-reveal-in-before ut-reveal-in-after\" data-appear-top-offset=\"none\" data-ut-wait=\"\"><div class=\"ut-element-revealer-inner\"><\/div><\/div><\/section><div class=\"vc_row-full-width vc_clearfix\"><\/div>\n<\/div>","protected":false},"excerpt":{"rendered":"Um\u00f3w si\u0119 na Tatua\u017c w Warszawie \u2014 Formularz Kontaktowy Szukasz do\u015bwiadczonego tatuatora? Chcesz zrobi\u0107 sobie wyj\u0105tkowy tatua\u017c w Warszawie? \u015awietnie trafi\u0142e\u015b! W naszym studiu tatua\u017cu tworzymy unikalne projekty dostosowane do Twoich oczekiwa\u0144. Aby um\u00f3wi\u0107 si\u0119 na tatua\u017c, wype\u0142nij nasz formularz kontaktowy lub skontaktuj si\u0119 z nami przez Facebook czy Instagram. Jakie informacje pomog\u0105 nam zaplanowa\u0107 [...]","protected":false},"author":1,"featured_media":0,"parent":15,"menu_order":0,"comment_status":"closed","ping_status":"closed","template":"","meta":{"footnotes":""},"class_list":["post-8426","page","type-page","status-publish","hentry"],"_links":{"self":[{"href":"https:\/\/www.whiterattattoo.pl\/en\/wp-json\/wp\/v2\/pages\/8426","targetHints":{"allow":["GET"]}}],"collection":[{"href":"https:\/\/www.whiterattattoo.pl\/en\/wp-json\/wp\/v2\/pages"}],"about":[{"href":"https:\/\/www.whiterattattoo.pl\/en\/wp-json\/wp\/v2\/types\/page"}],"author":[{"embeddable":true,"href":"https:\/\/www.whiterattattoo.pl\/en\/wp-json\/wp\/v2\/users\/1"}],"replies":[{"embeddable":true,"href":"https:\/\/www.whiterattattoo.pl\/en\/wp-json\/wp\/v2\/comments?post=8426"}],"version-history":[{"count":18,"href":"https:\/\/www.whiterattattoo.pl\/en\/wp-json\/wp\/v2\/pages\/8426\/revisions"}],"predecessor-version":[{"id":8469,"href":"https:\/\/www.whiterattattoo.pl\/en\/wp-json\/wp\/v2\/pages\/8426\/revisions\/8469"}],"up":[{"embeddable":true,"href":"https:\/\/www.whiterattattoo.pl\/en\/wp-json\/wp\/v2\/pages\/15"}],"wp:attachment":[{"href":"https:\/\/www.whiterattattoo.pl\/en\/wp-json\/wp\/v2\/media?parent=8426"}],"curies":[{"name":"wp","href":"https:\/\/api.w.org\/{rel}","templated":true}]}}