{"id":9183,"date":"2026-03-13T15:39:00","date_gmt":"2026-03-13T15:39:00","guid":{"rendered":"https:\/\/www.whiterattattoo.pl\/?page_id=9183"},"modified":"2026-03-13T16:18:23","modified_gmt":"2026-03-13T16:18:23","slug":"tatuaz-warszawa","status":"publish","type":"page","link":"https:\/\/www.whiterattattoo.pl\/en\/tatuaz-warszawa\/","title":{"rendered":"Tatua\u017c Warszawa"},"content":{"rendered":"<div class=\"wpb-content-wrapper\"><section id=\"ut-section-69e06be9ab53f\" data-vc-full-width=\"true\" data-vc-full-width-init=\"false\" data-cursor-skin=\"global\" class=\"vc_section ut-vc-160 vc_section-has-no-fill ut-section-69e06be9ab550\"><div id=\"ut-row-69e06be9abeaf\" data-vc-full-width=\"true\" data-vc-full-width-init=\"false\" class=\"vc_row wpb_row vc_row-fluid vc_column-gap-0 ut-row-69e06be9abebd\" ><div class=\"wpb_column vc_column_container vc_col-sm-12\" ><div id=\"ut_inner_column_69e06be9ac81a\" class=\"vc_column-inner\" ><div class=\"wpb_wrapper\">\r\n\t<div class=\"wpb_text_column wpb_content_element\" >\r\n\t\t<div class=\"wpb_wrapper\">\r\n\t\t\t<h1>Tatua\u017c Warszawa \u2013 profesjonalne studio tatua\u017cu White Rat Tattoo<\/h1>\n\r\n\t\t<\/div>\r\n\t<\/div>\r\n<div id=\"ut-row-inner-69e06be9ad477\" class=\"vc_row wpb_row vc_inner vc_row-fluid ut-row-inner-69e06be9ad486\" ><div  class=\"wpb_column vc_column_container vc_col-sm-6\"><div id=\"ut-column-inner-69e06be9ade6b\" class=\"vc_column-inner vc_column-inner-nested\"><div class=\"wpb_wrapper\">\r\n\t<div class=\"wpb_text_column wpb_content_element\" >\r\n\t\t<div class=\"wpb_wrapper\">\r\n\t\t\t<h2>Studio tatua\u017cu Warszawa<\/h2>\n\r\n\t\t<\/div>\r\n\t<\/div>\r\n<\/div><\/div><\/div><div  class=\"wpb_column vc_column_container vc_col-sm-6\"><div id=\"ut-column-inner-69e06be9ae461\" class=\"vc_column-inner vc_column-inner-nested\"><div class=\"wpb_wrapper\">\r\n\t<div class=\"wpb_text_column wpb_content_element\" >\r\n\t\t<div class=\"wpb_wrapper\">\r\n\t\t\t<h2>Najlepsi tatuatorzy w Warszawie<\/h2>\n\r\n\t\t<\/div>\r\n\t<\/div>\r\n<\/div><\/div><\/div><\/div><div id=\"ut-row-inner-69e06be9ae9c8\" class=\"vc_row wpb_row vc_inner vc_row-fluid ut-row-inner-69e06be9ae9d4\" ><div  class=\"wpb_column vc_column_container vc_col-sm-12\"><div id=\"ut-column-inner-69e06be9aed71\" class=\"vc_column-inner vc_column-inner-nested\"><div class=\"wpb_wrapper\">\r\n\t<div class=\"wpb_text_column wpb_content_element\" >\r\n\t\t<div class=\"wpb_wrapper\">\r\n\t\t\t<h2>Style tatua\u017cu<\/h2>\n<ul>\n<li data-start=\"1595\" data-end=\"1625\">\n<p data-start=\"1597\" data-end=\"1625\">tatua\u017c realistyczny warszawa<\/p>\n<\/li>\n<li data-start=\"1626\" data-end=\"1657\">\n<p data-start=\"1628\" data-end=\"1657\">tatua\u017c neotradycyjny warszawa<\/p>\n<\/li>\n<li data-start=\"1658\" data-end=\"1684\">\n<p data-start=\"1660\" data-end=\"1684\">tatua\u017c japo\u0144ski warszawa<\/p>\n<\/li>\n<li data-start=\"1685\" data-end=\"1712\">\n<p data-start=\"1687\" data-end=\"1712\">tatua\u017c fine line warszawa<\/p>\n<\/li>\n<\/ul>\n\r\n\t\t<\/div>\r\n\t<\/div>\r\n<\/div><\/div><\/div><\/div><div id=\"ut-row-inner-69e06be9af354\" class=\"vc_row wpb_row vc_inner vc_row-fluid ut-row-inner-69e06be9af360\" ><div  class=\"wpb_column vc_column_container vc_col-sm-6\"><div id=\"ut-column-inner-69e06be9af69e\" class=\"vc_column-inner vc_column-inner-nested\"><div class=\"wpb_wrapper\">\r\n\t<div class=\"wpb_text_column wpb_content_element\" >\r\n\t\t<div class=\"wpb_wrapper\">\r\n\t\t\t<h2>Higiena i bezpiecze\u0144stwo<\/h2>\n\r\n\t\t<\/div>\r\n\t<\/div>\r\n<\/div><\/div><\/div><div  class=\"wpb_column vc_column_container vc_col-sm-6\"><div id=\"ut-column-inner-69e06be9afc7e\" class=\"vc_column-inner vc_column-inner-nested\"><div class=\"wpb_wrapper\">\r\n\t<div class=\"wpb_text_column wpb_content_element\" >\r\n\t\t<div class=\"wpb_wrapper\">\r\n\t\t\t<h2>Proces wykonania tatua\u017cu<\/h2>\n\r\n\t\t<\/div>\r\n\t<\/div>\r\n<\/div><\/div><\/div><\/div><div id=\"ut-row-inner-69e06be9b01b1\" class=\"vc_row wpb_row vc_inner vc_row-fluid ut-row-inner-69e06be9b01bd\" ><div  class=\"wpb_column vc_column_container vc_col-sm-12\"><div id=\"ut-column-inner-69e06be9b050a\" class=\"vc_column-inner vc_column-inner-nested\"><div class=\"wpb_wrapper\">\r\n\t<div class=\"wpb_text_column wpb_content_element\" >\r\n\t\t<div class=\"wpb_wrapper\">\r\n\t\t\t<h2>FAQ<\/h2>\n\r\n\t\t<\/div>\r\n\t<\/div>\r\n<\/div><\/div><\/div><\/div><div id=\"ut-row-inner-69e06be9b0a3e\" class=\"vc_row wpb_row vc_inner vc_row-fluid ut-row-inner-69e06be9b0a49\" ><div  class=\"wpb_column vc_column_container vc_col-sm-12\"><div id=\"ut-column-inner-69e06be9b0d80\" class=\"vc_column-inner vc_column-inner-nested\"><div class=\"wpb_wrapper\"><div class=\"wpb_content_element   clearfix\"><style type=\"text\/css\">#ut_ig_69e06be9b0e2b .ut-lazy:not(.ut-image-loaded) + .ut-video-module-loading { display:block; }#ut_ig_69e06be9b0e2b .ut-lazy.ut-image-loaded + .ut-video-module-loading { display:none; }<\/style><div id=\"ut_ig_69e06be9b0e2b\" class=\"ut-image-gallery ut-image-gallery-module  clearfix\" data-settings=\"{&quot;animate&quot;:true,&quot;effect&quot;:&quot;&quot;,&quot;lazy&quot;:true,&quot;delay_animation&quot;:false,&quot;global_delay_animation&quot;:false,&quot;delay_timer&quot;:100,&quot;global_delay_timer&quot;:100}\" ><div  data-count=\"3\" class=\"ut-image-gallery-item ut-animation-done grid-33 tablet-grid-33 mobile-grid-100\"><a  class=\"ut-vc-images-lightbox ut-vc-images-lightbox-group-image\" data-sub-html=\"#ut-image-caption-9158\" data-exthumbimage=\"https:\/\/www.whiterattattoo.pl\/wp-content\/uploads\/2026\/03\/IMG_6025-200x200.jpeg\" href=\"https:\/\/www.whiterattattoo.pl\/wp-content\/uploads\/2026\/03\/IMG_6025-540x720.jpeg\" ><div class=\"ut-image-gallery-image\" ><img loading=\"lazy\" decoding=\"async\"  class=\"ut-lazy skip-lazy\" src=\"data:image\/svg+xml;charset=utf-8,%3Csvg xmlns%3D'http%3A%2F%2Fwww.w3.org%2F2000%2Fsvg' viewBox%3D'0 0 650 867'%2F%3E\" data-src=\"https:\/\/www.whiterattattoo.pl\/wp-content\/uploads\/2026\/03\/IMG_6025-650x867.jpeg\" width=\"650\" height=\"867\"><\/div><div id=\"ut-image-caption-9158\" class=\"ut-vc-images-lightbox-caption\">Kolorowy tatua\u017c lisa z motywem lasu i sylwetk\u0105 wilka wykonany na ramieniu w studiu tatua\u017cu White Rat Tattoo w Warszawie.<\/div><\/a><\/div><div  data-count=\"3\" class=\"ut-image-gallery-item ut-animation-done ut-animation-done grid-33 tablet-grid-33 mobile-grid-100\"><a  class=\"ut-vc-images-lightbox ut-vc-images-lightbox-group-image\" data-sub-html=\"#ut-image-caption-9144\" data-exthumbimage=\"https:\/\/www.whiterattattoo.pl\/wp-content\/uploads\/2026\/03\/IMG_4365_SnapseedCopy-2-200x200.jpg\" href=\"https:\/\/www.whiterattattoo.pl\/wp-content\/uploads\/2026\/03\/IMG_4365_SnapseedCopy-2-540x720.jpg\" ><div class=\"ut-image-gallery-image\" ><img loading=\"lazy\" decoding=\"async\"  class=\"ut-lazy skip-lazy\" src=\"data:image\/svg+xml;charset=utf-8,%3Csvg xmlns%3D'http%3A%2F%2Fwww.w3.org%2F2000%2Fsvg' viewBox%3D'0 0 650 867'%2F%3E\" data-src=\"https:\/\/www.whiterattattoo.pl\/wp-content\/uploads\/2026\/03\/IMG_4365_SnapseedCopy-2-650x867.jpg\" width=\"650\" height=\"867\"><\/div><div id=\"ut-image-caption-9144\" class=\"ut-vc-images-lightbox-caption\">Kolorowy tatua\u017c borsuka siedz\u0105cego na grzybie ze \u015blimakiem i le\u015bnymi ro\u015blinami wykonany w studiu tatua\u017cu White Rat Tattoo w Warszawie.<\/div><\/a><\/div><div  data-count=\"3\" class=\"ut-image-gallery-item ut-animation-done ut-animation-done ut-animation-done grid-33 tablet-grid-33 mobile-grid-100\"><a  class=\"ut-vc-images-lightbox ut-vc-images-lightbox-group-image\" data-sub-html=\"#ut-image-caption-9157\" data-exthumbimage=\"https:\/\/www.whiterattattoo.pl\/wp-content\/uploads\/2026\/03\/IMG_5892-200x200.jpeg\" href=\"https:\/\/www.whiterattattoo.pl\/wp-content\/uploads\/2026\/03\/IMG_5892-540x720.jpeg\" ><div class=\"ut-image-gallery-image\" ><img loading=\"lazy\" decoding=\"async\"  class=\"ut-lazy skip-lazy\" src=\"data:image\/svg+xml;charset=utf-8,%3Csvg xmlns%3D'http%3A%2F%2Fwww.w3.org%2F2000%2Fsvg' viewBox%3D'0 0 650 867'%2F%3E\" data-src=\"https:\/\/www.whiterattattoo.pl\/wp-content\/uploads\/2026\/03\/IMG_5892-650x867.jpeg\" width=\"650\" height=\"867\"><\/div><div id=\"ut-image-caption-9157\" class=\"ut-vc-images-lightbox-caption\">Kolorowy tatua\u017c borsuka w chustce otoczonego grzybami, paprociami i jarz\u0119bin\u0105 wykonany w studiu tatua\u017cu White Rat Tattoo w Warszawie.<\/div><\/a><\/div><div class=\"ut-image-gallery-sizer\"><\/div><div class=\"clear\"><\/div><\/div><\/div><\/div><\/div><\/div><\/div><div id=\"ut-row-inner-69e06be9b2fff\" class=\"vc_row wpb_row vc_inner vc_row-fluid ut-row-inner-69e06be9b300d\" ><div  class=\"wpb_column vc_column_container vc_col-sm-12\"><div id=\"ut-column-inner-69e06be9b33ee\" class=\"vc_column-inner vc_column-inner-nested\"><div class=\"wpb_wrapper\">\r\n\t<div class=\"wpb_text_column wpb_content_element\" >\r\n\t\t<div class=\"wpb_wrapper\">\r\n\t\t\t<h2 style=\"text-align: center;\">BOOK TATTOO<\/h2>\n<p style=\"text-align: center;\">E-mail: <a href=\"mailto:kontaktowy@whiterattattoo.pl\">kontaktowy@whiterattattoo.pl<\/a><br \/>\nLwowska St. 11\/4, 00-660 Warsaw<\/p>\n\r\n\t\t<\/div>\r\n\t<\/div>\r\n<div class=\"wpb_content_element\"><style class=\"bklyn-inline-styles\" type=\"text\/css\">#ut_sf_69e06be9b36f6 { font-size: 25px; }<\/style><ul id=\"ut_sf_69e06be9b36f6\" class=\"ut-social-follow-module  ut-social-follow-module-center ut-social-follow-module-tablet-center ut-social-follow-module-mobile-center ut-social-follow-module-20\" data-settings=\"{&quot;animate&quot;:true,&quot;effect&quot;:&quot;&quot;,&quot;delay_animation&quot;:false,&quot;global_delay_animation&quot;:false,&quot;delay_timer&quot;:100,&quot;global_delay_timer&quot;:100}\"><li  class=\"ut-social-follow-0 ut-social-follow-icon-only\"><a class=\"ut-social-follow-link\" title=\"\" href=\"https:\/\/www.facebook.com\/whiterattattoo\/\" area-label=\"facebook\" target=\"_self\" rel=\"noopener\"><i class=\"fa-brands fa-facebook\"><\/i><\/a><\/li><li  class=\"ut-social-follow-1 ut-social-follow-icon-only\"><a class=\"ut-social-follow-link\" title=\"\" href=\"https:\/\/www.instagram.com\/whiterattattoo\/\" area-label=\"instagram\" target=\"_self\" rel=\"noopener\"><i class=\"fa-brands fa-instagram\"><\/i><\/a><\/li><\/ul><\/div><style type=\"text\/css\">#bklyn_btn_69e06be9b3797 .bklyn-btn { color:#ffffff !important; background-color:#000000 !important; }#bklyn_btn_69e06be9b3797 .bklyn-btn:hover{ color:#ffffff !important; background-color:#000000 !important; }#bklyn_btn_69e06be9b3797 .bklyn-btn:focus{ color:#ffffff !important; background-color:#000000 !important; }#bklyn_btn_69e06be9b3797 .bklyn-btn:active { color:#ffffff !important; background-color:#000000 !important; }#bklyn_btn_69e06be9b3797 .bklyn-btn::before{ background-color:#b50003 !important; }#bklyn_btn_69e06be9b3797 a.bklyn-btn { font-weight:100 !important; }#bklyn_btn_69e06be9b3797.bklyn-btn-header a.bklyn-btn { font-weight:100 !important; }#bklyn_btn_69e06be9b3797.bklyn-btn-header a.bklyn-btn span { font-weight:100 !important; }<\/style><div id=\"bklyn_btn_69e06be9b3797\" class=\"bklyn-btn-holder  bklyn-btn-center bklyn-btn-tablet-center bklyn-btn-mobile-center\"><a title=\"CONTACT\" href=\"https:\/\/www.whiterattattoo.pl\/en\/studio-tatuazu-white-rat-tattoo\/kontakt\/\" target=\"_self\" class=\"bklyn-btn  bklyn-btn-with-effect bklyn-btn-effect-aylen bklyn-btn-normal\"><span class=\"ut-btn-text\">CONTACT FORM<\/span><\/a><\/div><\/div><\/div><\/div><\/div><\/div><\/div><\/div><\/div><div class=\"vc_row-full-width vc_clearfix\"><\/div><a data-id=\"section-without-id\" class=\"ut-vc-offset-anchor-bottom\" name=\"section-without-id\"><\/a><\/section><div class=\"vc_row-full-width vc_clearfix\"><\/div>\n<\/div>","protected":false},"excerpt":{"rendered":"Tatua\u017c Warszawa \u2013 profesjonalne studio tatua\u017cu White Rat Tattoo Studio tatua\u017cu Warszawa Najlepsi tatuatorzy w Warszawie Style tatua\u017cu tatua\u017c realistyczny warszawa tatua\u017c neotradycyjny warszawa tatua\u017c japo\u0144ski warszawa tatua\u017c fine line warszawa Higiena i bezpiecze\u0144stwo Proces wykonania tatua\u017cu FAQ Kolorowy tatua\u017c lisa z motywem lasu i sylwetk\u0105 wilka wykonany na ramieniu w studiu tatua\u017cu White Rat [...]","protected":false},"author":1,"featured_media":0,"parent":0,"menu_order":0,"comment_status":"closed","ping_status":"closed","template":"","meta":{"footnotes":""},"class_list":["post-9183","page","type-page","status-publish","hentry"],"_links":{"self":[{"href":"https:\/\/www.whiterattattoo.pl\/en\/wp-json\/wp\/v2\/pages\/9183","targetHints":{"allow":["GET"]}}],"collection":[{"href":"https:\/\/www.whiterattattoo.pl\/en\/wp-json\/wp\/v2\/pages"}],"about":[{"href":"https:\/\/www.whiterattattoo.pl\/en\/wp-json\/wp\/v2\/types\/page"}],"author":[{"embeddable":true,"href":"https:\/\/www.whiterattattoo.pl\/en\/wp-json\/wp\/v2\/users\/1"}],"replies":[{"embeddable":true,"href":"https:\/\/www.whiterattattoo.pl\/en\/wp-json\/wp\/v2\/comments?post=9183"}],"version-history":[{"count":5,"href":"https:\/\/www.whiterattattoo.pl\/en\/wp-json\/wp\/v2\/pages\/9183\/revisions"}],"predecessor-version":[{"id":9190,"href":"https:\/\/www.whiterattattoo.pl\/en\/wp-json\/wp\/v2\/pages\/9183\/revisions\/9190"}],"wp:attachment":[{"href":"https:\/\/www.whiterattattoo.pl\/en\/wp-json\/wp\/v2\/media?parent=9183"}],"curies":[{"name":"wp","href":"https:\/\/api.w.org\/{rel}","templated":true}]}}